{"id":12,"date":"2024-04-11T16:18:20","date_gmt":"2024-04-11T16:18:20","guid":{"rendered":"http:\/\/www.travelndiveworld.com\/?page_id=12"},"modified":"2026-04-14T08:07:09","modified_gmt":"2026-04-14T08:07:09","slug":"hakkimda","status":"publish","type":"page","link":"http:\/\/www.travelndiveworld.com\/?page_id=12","title":{"rendered":"ABOUT"},"content":{"rendered":"\n<div class=\"wp-block-columns is-layout-flex wp-container-core-columns-is-layout-1 wp-block-columns-is-layout-flex\">\n<div class=\"wp-block-column is-layout-flow wp-block-column-is-layout-flow\">\n<p><em>ABOUT<\/em><\/p>\n\n\n\n<p><em>Traveling the world is an art!<\/em><\/p>\n\n\n\n<p>Just as everyone observes and feels differently along their own paths, even those who follow the same path each has a unique experience.<\/p>\n\n\n\n<p>That\u2019s the beauty of travel\u2014along the way, everyone embarks on an inner journey of their own\u2026<\/p>\n\n\n\n<p>That is why travel is the most meaningful and priceless gift one can give oneself.<\/p>\n\n\n\n<p>Discovering new cultures and encountering new places undoubtedly opens new paths within our souls. By the end of the journey, we are no longer the same person who first set out. Our souls are filled with new light.<\/p>\n\n\n\n<p>Especially when we consider that two-thirds of the world is covered by water, exploring the underwater world while traveling means experiencing a destination in its entirety.<\/p>\n\n\n\n<p>I take great joy in sharing the places I have visited and the experiences I have had over the years, and in inspiring your own journey.<\/p>\n\n\n\n<p>With the hope that our paths cross in beauty\u2026<\/p>\n\n\n\n<p>Happy travels,<em><br>Hatice \u00c7al\u0131\u015fkan<\/em><\/p>\n\n\n\n<p><\/p>\n<\/div>\n\n\n\n<div class=\"wp-block-column is-layout-flow wp-block-column-is-layout-flow\">\n<p>HAKKIMDA<\/p>\n\n\n\n<p>D\u00fcnyay\u0131 gezmek b\u00fcy\u00fck sanat!<\/p>\n\n\n\n<p>Nas\u0131l herkesin kendi patikalar\u0131nda g\u00f6zlemledikleri, hissettikleri farkl\u0131 ise ayn\u0131 yola \u00e7\u0131kan gezginlerin de deneyimleri farkl\u0131 oluyor.<\/p>\n\n\n\n<p>Seyahatin en g\u00fczel yan\u0131 da bu, herkes yolda kendi i\u00e7inde de bir yolculu\u011fa \u00e7\u0131k\u0131yor\u2026<\/p>\n\n\n\n<p>O y\u00fczdendir ki Seyahat insan\u0131n kendine verdi\u011fi en anlaml\u0131 ve paha bi\u00e7ilemez hediyedir\u2026<\/p>\n\n\n\n<p>Yeni k\u00fclt\u00fcrleri ke\u015ffetmek, yeni co\u011frafyalarla bulu\u015fmak ruhumuzda \u015f\u00fcphesiz yeni patikalar a\u00e7\u0131yor. Yolculu\u011fun sonunda, yola \u00e7\u0131kt\u0131\u011f\u0131m\u0131z ki\u015fi ile yoldan d\u00f6nd\u00fc\u011f\u00fcm\u00fcz ki\u015fi ayn\u0131 olmuyor. Ruhumuza yeni \u0131\u015f\u0131klar giriyor.<\/p>\n\n\n\n<p>\u00d6zellikle d\u00fcnyan\u0131n \u00fc\u00e7te ikisinin sularla kapl\u0131 oldu\u011funu d\u00fc\u015f\u00fcn\u00fcrsek, d\u00fcnyay\u0131 gezerken sualt\u0131 d\u00fcnyas\u0131n\u0131 da ke\u015ffediyor olmak bir destinasyonu tamam\u0131yla ya\u015famak anlam\u0131na geliyor.<\/p>\n\n\n\n<p>Y\u0131llarca gezdi\u011fim yerleri, ya\u015fad\u0131\u011f\u0131m deneyimleri sizlerle payla\u015fmaktan, sizin yolunuza katk\u0131 sa\u011flamaktan b\u00fcy\u00fck mutluluk duyuyorum.<\/p>\n\n\n\n<p>Patikalar\u0131m\u0131z\u0131n g\u00fczelliklerde kesi\u015fmesi \u00fcmidi ile\u2026<\/p>\n\n\n\n<p>Keyifli Seyahatler<\/p>\n\n\n\n<p><em>Hatice \u00c7al\u0131\u015fkan<\/em><\/p>\n\n\n\n<p><\/p>\n<\/div>\n<\/div>\n","protected":false},"excerpt":{"rendered":"<p>ABOUT Traveling the world is an art! Just as everyone observes and feels differently along their own paths, even those who follow the same path each has a unique experience. That\u2019s the beauty of travel\u2014along the way, everyone embarks on an inner journey of their own\u2026 That is why travel is the most meaningful and &hellip; <\/p>\n","protected":false},"author":1,"featured_media":0,"parent":0,"menu_order":0,"comment_status":"closed","ping_status":"closed","template":"","meta":{"footnotes":""},"_links":{"self":[{"href":"http:\/\/www.travelndiveworld.com\/index.php?rest_route=\/wp\/v2\/pages\/12"}],"collection":[{"href":"http:\/\/www.travelndiveworld.com\/index.php?rest_route=\/wp\/v2\/pages"}],"about":[{"href":"http:\/\/www.travelndiveworld.com\/index.php?rest_route=\/wp\/v2\/types\/page"}],"author":[{"embeddable":true,"href":"http:\/\/www.travelndiveworld.com\/index.php?rest_route=\/wp\/v2\/users\/1"}],"replies":[{"embeddable":true,"href":"http:\/\/www.travelndiveworld.com\/index.php?rest_route=%2Fwp%2Fv2%2Fcomments&post=12"}],"version-history":[{"count":19,"href":"http:\/\/www.travelndiveworld.com\/index.php?rest_route=\/wp\/v2\/pages\/12\/revisions"}],"predecessor-version":[{"id":429,"href":"http:\/\/www.travelndiveworld.com\/index.php?rest_route=\/wp\/v2\/pages\/12\/revisions\/429"}],"wp:attachment":[{"href":"http:\/\/www.travelndiveworld.com\/index.php?rest_route=%2Fwp%2Fv2%2Fmedia&parent=12"}],"curies":[{"name":"wp","href":"https:\/\/api.w.org\/{rel}","templated":true}]}}