{"id":239,"date":"2024-04-15T11:49:31","date_gmt":"2024-04-15T11:49:31","guid":{"rendered":"http:\/\/www.travelndiveworld.com\/?page_id=239"},"modified":"2026-04-14T16:39:22","modified_gmt":"2026-04-14T16:39:22","slug":"guney-afrika","status":"publish","type":"page","link":"http:\/\/www.travelndiveworld.com\/?page_id=239","title":{"rendered":"CAPE TOWN"},"content":{"rendered":"\n<p><strong>G\u00fcney Afrika<\/strong><\/p>\n\n\n\n<ul>\n<li><strong>NEREDED\u0130R?<\/strong><\/li>\n\n\n\n<li><strong>TAR\u0130H\u0130<\/strong><\/li>\n\n\n\n<li><strong>D\u0130N<\/strong><\/li>\n\n\n\n<li><strong>D\u0130L<\/strong><\/li>\n\n\n\n<li><strong>N\u00dcFUS<\/strong><\/li>\n\n\n\n<li><strong>Y\u00dcZ\u00d6L\u00c7\u00dcM\u00dc<\/strong><\/li>\n\n\n\n<li><strong>PARA B\u0130R\u0130M\u0130<\/strong><\/li>\n\n\n\n<li><strong>EKONOM\u0130<\/strong><\/li>\n\n\n\n<li><strong>SAAT FARKI<\/strong><\/li>\n\n\n\n<li><strong>NASIL G\u0130D\u0130L\u0130R?<\/strong><\/li>\n\n\n\n<li><strong>V\u0130ZE<\/strong><\/li>\n\n\n\n<li><strong>BA\u015eKENT\u0130<\/strong><\/li>\n\n\n\n<li><strong>BAYRA\u011eI<\/strong><\/li>\n\n\n\n<li><strong>GEZ\u0130LECEK YERLER<\/strong><\/li>\n\n\n\n<li><strong>OTEL TAVS\u0130YELER\u0130<\/strong><\/li>\n\n\n\n<li><strong>YEME-\u0130\u00c7ME<\/strong><\/li>\n\n\n\n<li><strong>MUTLAKA YAPIN<\/strong><\/li>\n<\/ul>\n\n\n\n<p class=\"has-vivid-red-color has-text-color has-link-color wp-elements-24dc785d32ce72692f3e3928eee33544\"><strong>G\u00fcney Afrika Cumhuriyeti Nerededir<\/strong>?<\/p>\n\n\n\n<p>Afrika&#8217;n\u0131n g\u00fcney k\u0131sm\u0131n\u0131n yar\u0131s\u0131n\u0131 kapsayan G\u00fcney Afrika Cumhuriyeti, k\u0131tan\u0131n en ucunda yer al\u0131r. G\u00fcneybat\u0131 k\u0131sm\u0131nda Atlas Okyanusu, g\u00fcneyinde Hint Okyanusu, kuzeydo\u011fusunda Mozambik, kuzeybat\u0131s\u0131nda Namibya, kuzeyinde ise Botswana \u00fclkesi yer al\u0131r. G\u00fcney Afrika \u00fclkesinin topraklar\u0131n\u0131n i\u00e7 k\u0131sm\u0131nda, Lesotho devleti yer al\u0131r.<\/p>\n\n\n\n<figure class=\"wp-block-image size-full is-resized\"><img loading=\"lazy\" decoding=\"async\" width=\"600\" height=\"600\" src=\"http:\/\/www.travelndiveworld.com\/wp-content\/uploads\/2024\/04\/africa-regions-political-map-single-600nw-1019320747.webp\" alt=\"\" class=\"wp-image-255\" style=\"width:471px;height:auto\" srcset=\"http:\/\/www.travelndiveworld.com\/wp-content\/uploads\/2024\/04\/africa-regions-political-map-single-600nw-1019320747.webp 600w, http:\/\/www.travelndiveworld.com\/wp-content\/uploads\/2024\/04\/africa-regions-political-map-single-600nw-1019320747-300x300.webp 300w, http:\/\/www.travelndiveworld.com\/wp-content\/uploads\/2024\/04\/africa-regions-political-map-single-600nw-1019320747-150x150.webp 150w, http:\/\/www.travelndiveworld.com\/wp-content\/uploads\/2024\/04\/africa-regions-political-map-single-600nw-1019320747-60x60.webp 60w\" sizes=\"(max-width: 600px) 100vw, 600px\" \/><\/figure>\n\n\n\n<p class=\"has-vivid-red-color has-text-color has-link-color wp-elements-1c0984a3dfc0acd803a87602cee3e61f\"><strong>G\u00fcney Afrika Tarihi<\/strong><\/p>\n\n\n\n<p><\/p>\n\n\n\n<p class=\"has-vivid-red-color has-text-color has-link-color wp-elements-b58c10037a35e986d02fe7cc085f105e\"><strong>G\u00fcney Afrika Din<\/strong><\/p>\n\n\n\n<p>N\u00fcfusun b\u00fcy\u00fck \u00e7o\u011funlu\u011funu h\u0131ristiyanlar (Protestan, daha az miktarda Katolik), geri kalan\u0131 ise Bantustan denilen k\u0131rsal idar\u00ee b\u00f6lgelerde ya\u015fayan animistlerle h\u0131ristiyanlar gibi \u015fehirlerde oturan az\u0131nl\u0131k d\u00fczeyindeki m\u00fcsl\u00fcman, Hindu ve yahudiler olu\u015fturur.<\/p>\n\n\n\n<p class=\"has-vivid-red-color has-text-color has-link-color wp-elements-e6fdb23e1c790d4377d2808c5ea79835\"><strong>G\u00fcney Afrika Dil<\/strong><\/p>\n\n\n\n<p>\u00dclkenin resm\u00ee dilleri \u0130ngilizce ile Afrikaaner dilidir (G\u00fcney Afrika Felemenk\u00e7esi); k\u0131rsal kesimlerde Bantu ve Hoysan dilleri konu\u015fulur.<\/p>\n\n\n\n<p class=\"has-vivid-red-color has-text-color has-link-color wp-elements-63e2d5383776df9b5d2dad1c56c803cc\"><strong>G\u00fcney Afrika N\u00fcfus<\/strong><\/p>\n\n\n\n<p>57 Milyon (2017 tahmini)<\/p>\n\n\n\n<p class=\"has-vivid-red-color has-text-color has-link-color wp-elements-563ecd32410706c33fe9ca169b73877c\"><strong>G\u00fcney Afrika Y\u00fcz\u00f6l\u00e7\u00fcm\u00fc<\/strong><\/p>\n\n\n\n<p>1.219.912 km2 y\u00fcz\u00f6l\u00e7\u00fcm\u00fc ile d\u00fcnyan\u0131n en b\u00fcy\u00fck 24. \u00fclkesi konumundad\u0131r.<\/p>\n\n\n\n<p class=\"has-vivid-red-color has-text-color has-link-color wp-elements-ff899d2ce852720a5c701b77f60cc594\"><strong>G\u00fcney Afrika Para Birimi<\/strong><\/p>\n\n\n\n<p>G\u00fcney Afrika \u00fclkesinde kullan\u0131lan para birimi G\u00fcney Afrika Rand\u0131 olarak isimlendirilir. \u00a0Sembol\u00fc \u201cZAR\u201d.\u00a0<\/p>\n\n\n\n<p>100 G\u00fcney Afrika Rand\u0131= 170 T\u00fcrk Liras\u0131&#8217;d\u0131r.<\/p>\n\n\n\n<figure class=\"wp-block-image size-full is-resized\"><img loading=\"lazy\" decoding=\"async\" width=\"600\" height=\"400\" src=\"http:\/\/www.travelndiveworld.com\/wp-content\/uploads\/2024\/04\/AFRIKA-PARA.webp\" alt=\"\" class=\"wp-image-260\" style=\"width:435px;height:auto\" srcset=\"http:\/\/www.travelndiveworld.com\/wp-content\/uploads\/2024\/04\/AFRIKA-PARA.webp 600w, http:\/\/www.travelndiveworld.com\/wp-content\/uploads\/2024\/04\/AFRIKA-PARA-300x200.webp 300w, http:\/\/www.travelndiveworld.com\/wp-content\/uploads\/2024\/04\/AFRIKA-PARA-90x60.webp 90w\" sizes=\"(max-width: 600px) 100vw, 600px\" \/><\/figure>\n\n\n\n<p class=\"has-vivid-red-color has-text-color has-link-color wp-elements-7be90973d5d972d45883e826b374e781\"><strong>G\u00fcney Afrika Ekonomi<\/strong><\/p>\n\n\n\n<p>\u00dclkenin ihracat\u0131n\u0131n b\u00fcy\u00fck k\u0131sm\u0131n\u0131, yer alt\u0131 madenleri olu\u015fturur. Tar\u0131m\u0131n ekonomik a\u00e7\u0131dan \u00e7ok fayda sa\u011flamad\u0131\u011f\u0131 G\u00fcney Afrika&#8217;da, turizm son d\u00f6nemlerin geli\u015fen alanlar\u0131 aras\u0131nda yer al\u0131r.<\/p>\n\n\n\n<p class=\"has-vivid-red-color has-text-color has-link-color wp-elements-26f7c2639911de634576df8fe34fbda2\"><strong>G\u00fcney Afrika Saat Fark\u0131<\/strong><\/p>\n\n\n\n<p>T\u00fcrkiye saatine g\u00f6re 1 saat geridedir.<\/p>\n\n\n\n<p class=\"has-vivid-red-color has-text-color has-link-color wp-elements-ffe73c4952db2c342c18b348cf8a6f1b\"><strong>Nas\u0131l Gidilir?<\/strong><\/p>\n\n\n\n<p>T\u00fcrkiye\u2019den T\u00fcrk Hava Yollar\u0131 ile 11 saatlik direkt u\u00e7u\u015f ile<\/p>\n\n\n\n<p>Cape Town(CPT) Havaliman\u0131\u2019na gidebilirsiniz.<\/p>\n\n\n\n<p class=\"has-vivid-red-color has-text-color has-link-color wp-elements-06673fbc3e6066a0f99bdc769091266c\"><strong>G\u00fcney Afrika Vize<\/strong><\/p>\n\n\n\n<p>T\u00fcrk vatanda\u015flar\u0131, 30 g\u00fcnl\u00fck turistik, resmi ve i\u015f ziyaretleri kapsam\u0131nda vizeden muaft\u0131r.<\/p>\n\n\n\n<p class=\"has-vivid-red-color has-text-color has-link-color wp-elements-045a3aa2e1d34454b1470759d981d0ca\"><strong>G\u00fcney Afrika Ba\u015fkenti<\/strong><\/p>\n\n\n\n<p>G\u00fcney Afrika Cumhuriyeti \u00fclkesinin ba\u015fkentleri 3 tanedir. Ba\u015fkentler, y\u00fcr\u00fctme, yarg\u0131 ve yasama alan\u0131nda g\u00f6rev g\u00f6r\u00fcrler. Yarg\u0131 alan\u0131nda ba\u015fkent Bloemfontein, yasama alan\u0131nda Cape Town, y\u00fcr\u00fctme alan\u0131nda ise Pretoria \u00fclkeleridir. G\u00fcney Afrika&#8217;n\u0131n en b\u00fcy\u00fck \u015fehri, 4.5 milyonluk n\u00fcfusuyla Johannesburg \u015fehridir.<\/p>\n\n\n\n<p class=\"has-vivid-red-color has-text-color has-link-color wp-elements-53957444989f18d5678c7abaed5d5a67\"><strong>G\u00fcney Afrika Bayra\u011f\u0131<\/strong><\/p>\n\n\n\n<p>G\u00fcney Afrika Cumhuriyeti bayra\u011f\u0131, 27 Nisan 1994&#8217;te kabul edilerek G\u00fcney Afrika Cumhuriyeti taraf\u0131ndan kullan\u0131lan bayrak. Frederick Brownell taraf\u0131ndan tasarlanm\u0131\u015ft\u0131r.<\/p>\n\n\n\n<div class=\"wp-block-query is-layout-flow wp-block-query-is-layout-flow\"><ul class=\"wp-block-post-template is-layout-flow wp-block-post-template-is-layout-flow\"><li class=\"wp-block-post post-1 post type-post status-publish format-standard hentry category-uncategorized\">\n\n<div class=\"wp-block-columns alignwide is-layout-flex wp-container-core-columns-is-layout-1 wp-block-columns-is-layout-flex\">\n<div class=\"wp-block-column is-layout-flow wp-block-column-is-layout-flow\" style=\"flex-basis:66.66%\">\n<figure class=\"wp-block-image size-large is-resized\"><img loading=\"lazy\" decoding=\"async\" width=\"1024\" height=\"683\" src=\"http:\/\/www.travelndiveworld.com\/wp-content\/uploads\/2024\/04\/Flag_of_South_Africa.svg_-2-1024x683.png\" alt=\"\" class=\"wp-image-258\" style=\"width:502px;height:auto\" srcset=\"http:\/\/www.travelndiveworld.com\/wp-content\/uploads\/2024\/04\/Flag_of_South_Africa.svg_-2-1024x683.png 1024w, http:\/\/www.travelndiveworld.com\/wp-content\/uploads\/2024\/04\/Flag_of_South_Africa.svg_-2-300x200.png 300w, http:\/\/www.travelndiveworld.com\/wp-content\/uploads\/2024\/04\/Flag_of_South_Africa.svg_-2-768x512.png 768w, http:\/\/www.travelndiveworld.com\/wp-content\/uploads\/2024\/04\/Flag_of_South_Africa.svg_-2-90x60.png 90w, http:\/\/www.travelndiveworld.com\/wp-content\/uploads\/2024\/04\/Flag_of_South_Africa.svg_-2.png 1200w\" sizes=\"(max-width: 1024px) 100vw, 1024px\" \/><\/figure>\n<\/div>\n\n\n\n<div class=\"wp-block-column is-layout-flow wp-block-column-is-layout-flow\" style=\"flex-basis:33.33%\">\n<p><strong>Anlam\u0131:<\/strong> Mavi renk g\u00f6ky\u00fcz\u00fcn\u00fc, k\u0131rm\u0131z\u0131 \u00fclke i\u00e7in sava\u015fan insanlar\u0131, siyah renk siyahi Afrika halk\u0131n\u0131, ye\u015fil \u00fclke topraklar\u0131n\u0131, beyaz \u00fclkenin beyaz halk\u0131n\u0131, sar\u0131 ise yeralt\u0131 kaynaklar\u0131n\u0131 temsil eder.<\/p>\n<\/div>\n<\/div>\n\n<\/li><\/ul><\/div>\n\n\n\n<p><\/p>\n\n\n\n<p class=\"has-vivid-red-color has-text-color has-link-color wp-elements-69bc79b2a9c5dd7c876dba41021115dc\"><strong>G\u00fcney Afrika Gezilecek Yerler<\/strong><\/p>\n\n\n\n<ul>\n<li>Boulder\u2019s Plaj\u0131<\/li>\n<\/ul>\n\n\n\n<p>Afrika Penguenlerini g\u00f6rebilece\u011finiz tek yer!<\/p>\n\n\n\n<ul>\n<li>Muizenberg Plaj\u0131<\/li>\n<\/ul>\n\n\n\n<p>Plajda bulunan renkli klubelerin yaratt\u0131\u011f\u0131 g\u00f6rsel \u015f\u00f6lene e\u015flik edeceksiniz.<\/p>\n\n\n\n<ul>\n<li>Hout Liman\u0131\/ Duiker Adas\u0131<\/li>\n<\/ul>\n\n\n\n<p>Yakla\u015f\u0131k 5000 tane fokun ya\u015fad\u0131\u011f\u0131 muazzam bir yer.<\/p>\n\n\n\n<ul>\n<li>\u00dcmit Burnu<\/li>\n\n\n\n<li>Masa Da\u011f\u0131<\/li>\n\n\n\n<li>Bo-Kaap<\/li>\n\n\n\n<li>Biscuit Mill<\/li>\n\n\n\n<li>NoordHoek<\/li>\n\n\n\n<li>Chapman Yolu<\/li>\n\n\n\n<li>Waterfront Liman\u0131<\/li>\n\n\n\n<li>Stellenbosch Ba\u011flar\u0131<\/li>\n\n\n\n<li>Safari<\/li>\n\n\n\n<li>\u00a0<\/li>\n<\/ul>\n","protected":false},"excerpt":{"rendered":"<p>G\u00fcney Afrika G\u00fcney Afrika Cumhuriyeti Nerededir? Afrika&#8217;n\u0131n g\u00fcney k\u0131sm\u0131n\u0131n yar\u0131s\u0131n\u0131 kapsayan G\u00fcney Afrika Cumhuriyeti, k\u0131tan\u0131n en ucunda yer al\u0131r. G\u00fcneybat\u0131 k\u0131sm\u0131nda Atlas Okyanusu, g\u00fcneyinde Hint Okyanusu, kuzeydo\u011fusunda Mozambik, kuzeybat\u0131s\u0131nda Namibya, kuzeyinde ise Botswana \u00fclkesi yer al\u0131r. G\u00fcney Afrika \u00fclkesinin topraklar\u0131n\u0131n i\u00e7 k\u0131sm\u0131nda, Lesotho devleti yer al\u0131r. G\u00fcney Afrika Tarihi G\u00fcney Afrika Din N\u00fcfusun b\u00fcy\u00fck \u00e7o\u011funlu\u011funu &hellip; <\/p>\n","protected":false},"author":3,"featured_media":0,"parent":0,"menu_order":0,"comment_status":"closed","ping_status":"closed","template":"","meta":{"footnotes":"[]"},"_links":{"self":[{"href":"http:\/\/www.travelndiveworld.com\/index.php?rest_route=\/wp\/v2\/pages\/239"}],"collection":[{"href":"http:\/\/www.travelndiveworld.com\/index.php?rest_route=\/wp\/v2\/pages"}],"about":[{"href":"http:\/\/www.travelndiveworld.com\/index.php?rest_route=\/wp\/v2\/types\/page"}],"author":[{"embeddable":true,"href":"http:\/\/www.travelndiveworld.com\/index.php?rest_route=\/wp\/v2\/users\/3"}],"replies":[{"embeddable":true,"href":"http:\/\/www.travelndiveworld.com\/index.php?rest_route=%2Fwp%2Fv2%2Fcomments&post=239"}],"version-history":[{"count":10,"href":"http:\/\/www.travelndiveworld.com\/index.php?rest_route=\/wp\/v2\/pages\/239\/revisions"}],"predecessor-version":[{"id":483,"href":"http:\/\/www.travelndiveworld.com\/index.php?rest_route=\/wp\/v2\/pages\/239\/revisions\/483"}],"wp:attachment":[{"href":"http:\/\/www.travelndiveworld.com\/index.php?rest_route=%2Fwp%2Fv2%2Fmedia&parent=239"}],"curies":[{"name":"wp","href":"https:\/\/api.w.org\/{rel}","templated":true}]}}