{"id":24,"date":"2024-04-11T16:20:41","date_gmt":"2024-04-11T16:20:41","guid":{"rendered":"http:\/\/www.travelndiveworld.com\/?page_id=24"},"modified":"2024-04-29T11:17:57","modified_gmt":"2024-04-29T11:17:57","slug":"youtube","status":"publish","type":"page","link":"http:\/\/www.travelndiveworld.com\/?page_id=24","title":{"rendered":"Youtube"},"content":{"rendered":"\n<div class=\"wp-block-buttons is-layout-flex wp-block-buttons-is-layout-flex\">\n<div class=\"wp-block-button is-style-outline\"><a class=\"wp-block-button__link wp-element-button\" href=\"https:\/\/www.youtube.com\/channel\/UCsBbYlyk_Ov5CsJetNVRtWg\"><mark style=\"background-color:#000000\" class=\"has-inline-color has-white-color\">YOUTUBE \u0130\u00c7\u0130N TIKLAYINIZ<\/mark><\/a><\/div>\n<\/div>\n","protected":false},"excerpt":{"rendered":"","protected":false},"author":1,"featured_media":0,"parent":0,"menu_order":0,"comment_status":"closed","ping_status":"closed","template":"","meta":{"footnotes":""},"_links":{"self":[{"href":"http:\/\/www.travelndiveworld.com\/index.php?rest_route=\/wp\/v2\/pages\/24"}],"collection":[{"href":"http:\/\/www.travelndiveworld.com\/index.php?rest_route=\/wp\/v2\/pages"}],"about":[{"href":"http:\/\/www.travelndiveworld.com\/index.php?rest_route=\/wp\/v2\/types\/page"}],"author":[{"embeddable":true,"href":"http:\/\/www.travelndiveworld.com\/index.php?rest_route=\/wp\/v2\/users\/1"}],"replies":[{"embeddable":true,"href":"http:\/\/www.travelndiveworld.com\/index.php?rest_route=%2Fwp%2Fv2%2Fcomments&post=24"}],"version-history":[{"count":6,"href":"http:\/\/www.travelndiveworld.com\/index.php?rest_route=\/wp\/v2\/pages\/24\/revisions"}],"predecessor-version":[{"id":312,"href":"http:\/\/www.travelndiveworld.com\/index.php?rest_route=\/wp\/v2\/pages\/24\/revisions\/312"}],"wp:attachment":[{"href":"http:\/\/www.travelndiveworld.com\/index.php?rest_route=%2Fwp%2Fv2%2Fmedia&parent=24"}],"curies":[{"name":"wp","href":"https:\/\/api.w.org\/{rel}","templated":true}]}}