{"id":263,"date":"2024-04-15T13:57:29","date_gmt":"2024-04-15T13:57:29","guid":{"rendered":"http:\/\/www.travelndiveworld.com\/?page_id=263"},"modified":"2026-04-14T16:38:30","modified_gmt":"2026-04-14T16:38:30","slug":"guney-afrika-dalis","status":"publish","type":"page","link":"http:\/\/www.travelndiveworld.com\/?page_id=263","title":{"rendered":"CAPE TOWN SCUBA DIVING"},"content":{"rendered":"\n<p>Kafes Dal\u0131\u015f\u0131<\/p>\n","protected":false},"excerpt":{"rendered":"<p>Kafes Dal\u0131\u015f\u0131<\/p>\n","protected":false},"author":3,"featured_media":0,"parent":0,"menu_order":0,"comment_status":"closed","ping_status":"closed","template":"","meta":{"footnotes":""},"_links":{"self":[{"href":"http:\/\/www.travelndiveworld.com\/index.php?rest_route=\/wp\/v2\/pages\/263"}],"collection":[{"href":"http:\/\/www.travelndiveworld.com\/index.php?rest_route=\/wp\/v2\/pages"}],"about":[{"href":"http:\/\/www.travelndiveworld.com\/index.php?rest_route=\/wp\/v2\/types\/page"}],"author":[{"embeddable":true,"href":"http:\/\/www.travelndiveworld.com\/index.php?rest_route=\/wp\/v2\/users\/3"}],"replies":[{"embeddable":true,"href":"http:\/\/www.travelndiveworld.com\/index.php?rest_route=%2Fwp%2Fv2%2Fcomments&post=263"}],"version-history":[{"count":3,"href":"http:\/\/www.travelndiveworld.com\/index.php?rest_route=\/wp\/v2\/pages\/263\/revisions"}],"predecessor-version":[{"id":482,"href":"http:\/\/www.travelndiveworld.com\/index.php?rest_route=\/wp\/v2\/pages\/263\/revisions\/482"}],"wp:attachment":[{"href":"http:\/\/www.travelndiveworld.com\/index.php?rest_route=%2Fwp%2Fv2%2Fmedia&parent=263"}],"curies":[{"name":"wp","href":"https:\/\/api.w.org\/{rel}","templated":true}]}}